{"id":28890,"date":"2021-10-12T08:58:46","date_gmt":"2021-10-12T06:58:46","guid":{"rendered":"https:\/\/www.libri.de\/?page_id=28890"},"modified":"2025-06-25T15:05:01","modified_gmt":"2025-06-25T13:05:01","slug":"libri-warenwirtschaft","status":"publish","type":"page","link":"https:\/\/www.libri.de\/de\/fuer-den-handel\/produkte\/libri-warenwirtschaft\/","title":{"rendered":"Libri.Warenwirtschaft"},"content":{"rendered":"\r\n<div id=\"header-block_ecff194c70552958e0c02a08ccdc48a0\" class=\"block-header module type-big bc-blue c-white-imp\">\r\n  <div class=\"container\">\r\n\r\n    <p id=\"breadcrumbs\"><span><span><a href=\"https:\/\/www.libri.de\/de\/\">Start<\/a><\/span><\/span><\/p>    \r\n    \r\n              <div class=\"image\">\r\n          <img decoding=\"async\" width=\"960\" height=\"540\" src=\"https:\/\/www.libri.de\/wp-content\/uploads\/2021\/10\/csm_libri.jwws_buero_368156022d.jpg\" class=\"attachment-2048x2048 size-2048x2048\" alt=\"Mitarbeiterin arbeit am Computer mit der Warenwirtschaft\" srcset=\"https:\/\/www.libri.de\/wp-content\/uploads\/2021\/10\/csm_libri.jwws_buero_368156022d.jpg 960w, https:\/\/www.libri.de\/wp-content\/uploads\/2021\/10\/csm_libri.jwws_buero_368156022d-300x169.jpg 300w, https:\/\/www.libri.de\/wp-content\/uploads\/2021\/10\/csm_libri.jwws_buero_368156022d-768x432.jpg 768w\" sizes=\"(max-width: 960px) 100vw, 960px\" \/>        <\/div>\r\n      \r\n      <div class=\"row\">\r\n        <div class=\"col-12 col-md-10 title\">\r\n          <h1 class=\"\">Libri.Warenwirtschaft<\/h1>\r\n        <\/div>\r\n\r\n        <div class=\"col-12 col-md-10 text\">\r\n          <p>Das rechnet sich: Perfekte Steuerung f\u00fcr ein Gesch\u00e4ft mit Zukunft<\/p>\r\n        <\/div>\r\n      <\/div>\r\n\r\n      \r\n  <\/div>\r\n<\/div>\r\n\r\n\n\n\r\n<div id=\"space-block_768b7c2949a32c87910d28e059ced520\" class=\"block-space module bc-trans\" style=\"height: 48px;\"><\/div>\n\n\r\n<div id=\"text-block_a4a0902818bdf30f49fceaddae6fbfd6\" class=\"block-text module type-text bc-trans\">\r\n  <div class=\"container\">\r\n\r\n    \r\n      <div class=\"row \">\r\n\r\n        \r\n        <div class=\"col-12 col-md-10\">\r\n\r\n          \r\n          <div class=\"text for-box-js\">\r\n            <p>Der Einsatz eines Warenwirtschaftssystems (WWS) ist heute f\u00fcr jede Buchhandelsgr\u00f6\u00dfe \u2013 ob einzelner Standort oder Filialkette \u2013 der Grundbaustein f\u00fcr eine erfolgreiche Zukunft. Ein WWS schafft die Voraussetzung f\u00fcr eine integrierte, zentral gesteuerte Lieferkette f\u00fcr Barsortiments-, Verlags- oder auch Zentrallagerlieferungen. Es liefert sofort pr\u00e4zise Informationen \u00fcber Abverk\u00e4ufe, Ums\u00e4tze und Handelserfolg. So werden schnell und aktuell die notwendigen Kennzahlen zur betriebswirtschaftlichen Steuerung des Sortiments ermittelt und Umsatz und Einkauf \u00fcberwacht und geplant.<\/p>\n<p>Libri hat 20 Jahre Erfahrung mit Warenwirtschaftssystemen im Buchhandel. Das Libri.Warenwirtschaftssystem (JWWS) ist an \u00fcber 1000 Bildschirmarbeitspl\u00e4tzen an Einzelstandorten und in Filialbetrieben installiert und dort unverzichtbarer Teil des Arbeitsalltags.<\/p>\n          <\/div>\r\n\r\n          \r\n          \r\n        <\/div>\r\n        \r\n      <\/div>\r\n\r\n    \r\n  <\/div>\r\n<\/div>\r\n\r\n\n\n\r\n<div id=\"space-block_768b7c2949a32c87910d28e059ced520\" class=\"block-space module bc-trans\" style=\"height: 48px;\"><\/div>\n\n\r\n<div id=\"space-block_cbeee25f21172b21d37ff76df1d72939\" class=\"block-space module bc-green-2\" style=\"height: 48px;\"><\/div>\n\n\r\n<div id=\"text-block_02a94f3388f43e92f34c378fadfd59b8\" class=\"block-text module type-text-text bc-green-2\">\r\n  <div class=\"container\">\r\n\r\n    \r\n<div class=\"grid\">\r\n  <h3 class=\"left-top \">\r\n    Alles im \u00dcberlick  <\/h3>\r\n\r\n  <div class=\"left-bottom text\">\r\n    <h4><\/h4>\n<h4>Mehr Durchblick: die Bibliographie<\/h4>\n<ul>\n<li>Zugriff auf viele verschiedene Kataloge \/ Onlinedatenbanken \u00fcber eine einheitliche Maske (z. B. Libri, K\u00f6nemann, VLB)<\/li>\n<li>Gleiche bew\u00e4hrte Maske f\u00fcr die Libri.Warenwirtschaft<\/li>\n<\/ul>\n<h4><\/h4>\n<h4>Mehr \u00dcberblick: Statistiken<\/h4>\n<ul>\n<li>Artikelstatistik in graphischer und tabellarischer Darstellung<\/li>\n<li>(Kunden-) Umsatzstatistiken<\/li>\n<li>Daten in Wochen-, Monats- und Jahreswerten<\/li>\n<li>Kassenberichte an der Kasse und in der Libri.Warenwirtschaft<\/li>\n<\/ul>\n<h4><\/h4>\n<h4>Mehr Komfort: Bedienkonzept<\/h4>\n<ul>\n<li>Objektorientierung<\/li>\n<li>Tastaturbedienung durchg\u00e4ngig m\u00f6glich<\/li>\n<li>auch Abfrageergebnisse in \u201elebender Tabelle\u201c \u2013 Verlinkung zu Artikel, Partner etc. direkt m\u00f6glich<\/li>\n<\/ul>\n<h4><\/h4>\n<h4>Mehr Service: Kundenbestellung, Faktur und Abonnementverwaltung<\/h4>\n<ul>\n<li>Kundenbestellungen verwalten und auswerten<\/li>\n<li>Kunden per E-Mail oder SMS benachrichtigen<\/li>\n<li>Liefer- und Rechnungsbelege erstellen und verwalten<\/li>\n<li>Abonnementverwaltung f\u00fcr Fortsetzungen und Zeitschriften<\/li>\n<\/ul>\n      <\/div>\r\n\r\n  <h3 class=\"right-top d-none d-md-block\">\r\n      <\/h3>\r\n\r\n  <div class=\"right-bottom text\">\r\n    <h4><\/h4>\n<h4>Mehr Steuerung: Cockpit<\/h4>\n<ul>\n<li>Mit wenigen Mausklicks die wichtigsten betriebswirtschaftlichen Kennzahlen auf Warengruppen- und Verlagsebene einfach und effizient analysieren<\/li>\n<\/ul>\n<h4><\/h4>\n<h4>Mehr Transparenz: Abfragen<\/h4>\n<ul>\n<li>Umfangreiche Abfragem\u00f6glichkeiten mit Standardabfragen<\/li>\n<li>Definition von eigenen Abfragen<\/li>\n<li>S\u00e4mtliche Daten k\u00f6nnen ausgewertet werden<\/li>\n<li>Export der Ergebnisse in verschiedenen Formaten<\/li>\n<\/ul>\n<h4><\/h4>\n<h4>Mehr Kundenbindung: Multichannel, B2B<\/h4>\n<ul>\n<li>Schnittstellen zu Libri.Shopline und Libri.biz<\/li>\n<li>Bestandsanzeige im Webshop per WSDL-Schnittstelle<\/li>\n<li>Gutscheine im Webshop per WSDL-Schnittstelle verkaufen und einl\u00f6sen<\/li>\n<li>Auftragsanlage aus Webbestellungen<\/li>\n<\/ul>\n<h4><\/h4>\n<h4>Mehr Zentralfunktionen: Vielfalt f\u00fcr Filialsysteme<\/h4>\n<ul>\n<li>Alle Standorte arbeiten auf derselben Datenbank<\/li>\n<li>Standortunabh\u00e4ngiger Zugriff auf die Daten aller Filialen<\/li>\n<li>Zentrale Stammdaten: Artikel, Kunden, Lieferanten werden nur einmal angelegt und gepflegt<\/li>\n<\/ul>\n<h4><\/h4>\n<h4>Mehr Service: Betreuung mit System<\/h4>\n<ul>\n<li>Professionelle Projektplanung<\/li>\n<li>Installation vor Ort<\/li>\n<li>Hotline-Support von montags bis samstags<\/li>\n<li>Schulung vor Ort<\/li>\n<\/ul>\n      <\/div>\r\n\r\n<\/div>\r\n\r\n  <\/div>\r\n<\/div>\r\n\r\n\n\n\r\n<div id=\"space-block_cbeee25f21172b21d37ff76df1d72939\" class=\"block-space module bc-green-2\" style=\"height: 48px;\"><\/div>\n\n\r\n<div id=\"space-block_0bd64794471ab89f0a65a511fb652d35\" class=\"block-space module bc-trans\" style=\"height: 48px;\"><\/div>\n\n\r\n<div id=\"text-block_65215270f6be055906c7ca4e0bd0f441\" class=\"block-text module type-text bc-trans\">\r\n  <div class=\"container\">\r\n\r\n    \r\n      <div class=\"row \">\r\n\r\n        \r\n        <div class=\"col-12 col-md-10\">\r\n\r\n                      <h2 class=\"title\">Lagern Sie Aufwand einfach aus<\/h2>\r\n          \r\n          <div class=\"text for-box-js\">\r\n            <p>Datenbankserver und PC-Arbeitspl\u00e4tze m\u00fcssen nicht in einem lokalen Netzwerk zusammengeschlossen sein. Das Libri.Warenwirtschaftssystem wird als ASP (Application Service Providing) betrieben. Libri stellt als Dienstleistung die WWS-Server, Datenbank, Datenbankadministration, Datensicherung usw. in einem hochverf\u00fcgbaren und sicheren Rechenzentrum bereit.<\/p>\n<p>Die Buchhandlung stellt lediglich PC-Arbeitspl\u00e4tze und Infrastruktur. Der Zugriff auf alle Daten erfolgt \u00fcber sichere Verbindungen \u00fcber das Internet. Libri bringt dabei zeitgem\u00e4\u00dfe und zukunftssichere Technologie f\u00fcr eine praxisgerechte und komfortable Leistung ein.<\/p>\n<ul>\n<li>Transparenz der Kosten f\u00fcr die Technik<\/li>\n<li>Sicherheit der Daten<\/li>\n<li>Flexibilit\u00e4t der Rechnerleistung gem\u00e4\u00df Ihren Anforderungen<\/li>\n<li>Aktualit\u00e4t der Software, Datenbank und Serverhardware<\/li>\n<\/ul>\n          <\/div>\r\n\r\n          \r\n          \r\n        <\/div>\r\n        \r\n      <\/div>\r\n\r\n    \r\n  <\/div>\r\n<\/div>\r\n\r\n\n\n\r\n<div id=\"space-block_0bd64794471ab89f0a65a511fb652d35\" class=\"block-space module bc-trans\" style=\"height: 48px;\"><\/div>\n\n\r\n<div id=\"teaser-contact-block_e7b28881e35177968708a2483b69618e\" class=\"block-teaser-contact bc-third-blue c-white-imp\">\r\n  <div class=\"container\">\r\n    <div class=\"row flex-md-row-reverse justify-content-between\">\r\n\r\n      <div class=\"col-12 col-md-4\">\r\n        <div class=\"image\">\r\n                  <\/div>\r\n      <\/div>\r\n\r\n      <div class=\"col-12 col-md-6 d-flex flex-column\">\r\n\r\n        <div class=\"text\">\r\n                      <h2 class=\"title\">Wir helfen Ihnen gerne weiter.<\/h2>\r\n          \r\n                      <p>Haben Sie Fragen oder ein bestimmtes Anliegen?<\/p>\r\n                  <\/div>\r\n\r\n                  <div class=\"cta\">\r\n            <a \r\n              class=\"bttn-primary \"\r\n              href=\"https:\/\/www.libri.de\/de\/kontakt\/\"\r\n              target=\"_self\"\r\n              >\r\n              Jetzt Kontakt aufnehmen            <\/a>\r\n          <\/div>\r\n        \r\n        \r\n      <\/div>\r\n\r\n    <\/div>\r\n  <\/div>\r\n<\/div>\r\n\r\n\n\n\r\n<div id=\"go-back-block_a4c867cff3869967da6f72ad1e55077c\" class=\"block-go-back module bc-green-2\">\r\n  <div class=\"container\">\r\n\r\n    <a href=\"javascript:history.back()\" class=\"bttn-secondary go-back-link\">\r\n      <span class=\"arrow-left\"><\/span>Zur\u00fcck zur \u00dcbersicht    <\/a>\r\n\r\n  <\/div>\r\n<\/div>\r\n\r\n","protected":false},"excerpt":{"rendered":"<p>Das rechnet sich: Perfekte Steuerung f\u00fcr ein Gesch\u00e4ft mit Zukunft.<\/p>\n","protected":false},"author":29,"featured_media":34894,"parent":32791,"menu_order":0,"comment_status":"closed","ping_status":"closed","template":"","meta":{"_acf_changed":false,"footnotes":""},"class_list":["post-28890","page","type-page","status-publish","has-post-thumbnail","hentry"],"acf":[],"yoast_head":"<!-- This site is optimized with the Yoast SEO plugin v27.0 - https:\/\/yoast.com\/product\/yoast-seo-wordpress\/ -->\n<title>Libri.Warenwirtschaft | Libri GmbH<\/title>\n<meta name=\"robots\" content=\"index, follow, max-snippet:-1, max-image-preview:large, max-video-preview:-1\" \/>\n<link rel=\"canonical\" href=\"https:\/\/www.libri.de\/de\/fuer-den-handel\/produkte\/libri-warenwirtschaft\/\" \/>\n<meta property=\"og:locale\" content=\"de_DE\" \/>\n<meta property=\"og:type\" content=\"article\" \/>\n<meta property=\"og:title\" content=\"Libri.Warenwirtschaft | Libri GmbH\" \/>\n<meta property=\"og:description\" content=\"Das rechnet sich: Perfekte Steuerung f\u00fcr ein Gesch\u00e4ft mit Zukunft.\" \/>\n<meta property=\"og:url\" content=\"https:\/\/www.libri.de\/de\/fuer-den-handel\/produkte\/libri-warenwirtschaft\/\" \/>\n<meta property=\"og:site_name\" content=\"Libri GmbH\" \/>\n<meta property=\"article:publisher\" content=\"https:\/\/www.facebook.com\/libribarsortiment\" \/>\n<meta property=\"article:modified_time\" content=\"2025-06-25T13:05:01+00:00\" \/>\n<meta property=\"og:image\" content=\"https:\/\/www.libri.de\/wp-content\/uploads\/2021\/12\/Beitragsbild_Libri_mittelblau.jpg\" \/>\n\t<meta property=\"og:image:width\" content=\"1990\" \/>\n\t<meta property=\"og:image:height\" content=\"1100\" \/>\n\t<meta property=\"og:image:type\" content=\"image\/jpeg\" \/>\n<meta name=\"twitter:card\" content=\"summary_large_image\" \/>\n<meta name=\"twitter:label1\" content=\"Gesch\u00e4tzte Lesezeit\" \/>\n\t<meta name=\"twitter:data1\" content=\"1\u00a0Minute\" \/>\n<script type=\"application\/ld+json\" class=\"yoast-schema-graph\">{\"@context\":\"https:\/\/schema.org\",\"@graph\":[{\"@type\":\"WebPage\",\"@id\":\"https:\/\/www.libri.de\/de\/fuer-den-handel\/produkte\/libri-warenwirtschaft\/\",\"url\":\"https:\/\/www.libri.de\/de\/fuer-den-handel\/produkte\/libri-warenwirtschaft\/\",\"name\":\"Libri.Warenwirtschaft | Libri GmbH\",\"isPartOf\":{\"@id\":\"https:\/\/www.libri.de\/fr\/#website\"},\"primaryImageOfPage\":{\"@id\":\"https:\/\/www.libri.de\/de\/fuer-den-handel\/produkte\/libri-warenwirtschaft\/#primaryimage\"},\"image\":{\"@id\":\"https:\/\/www.libri.de\/de\/fuer-den-handel\/produkte\/libri-warenwirtschaft\/#primaryimage\"},\"thumbnailUrl\":\"https:\/\/www.libri.de\/wp-content\/uploads\/2021\/12\/Beitragsbild_Libri_mittelblau.jpg\",\"datePublished\":\"2021-10-12T06:58:46+00:00\",\"dateModified\":\"2025-06-25T13:05:01+00:00\",\"breadcrumb\":{\"@id\":\"https:\/\/www.libri.de\/de\/fuer-den-handel\/produkte\/libri-warenwirtschaft\/#breadcrumb\"},\"inLanguage\":\"de\",\"potentialAction\":[{\"@type\":\"ReadAction\",\"target\":[\"https:\/\/www.libri.de\/de\/fuer-den-handel\/produkte\/libri-warenwirtschaft\/\"]}]},{\"@type\":\"ImageObject\",\"inLanguage\":\"de\",\"@id\":\"https:\/\/www.libri.de\/de\/fuer-den-handel\/produkte\/libri-warenwirtschaft\/#primaryimage\",\"url\":\"https:\/\/www.libri.de\/wp-content\/uploads\/2021\/12\/Beitragsbild_Libri_mittelblau.jpg\",\"contentUrl\":\"https:\/\/www.libri.de\/wp-content\/uploads\/2021\/12\/Beitragsbild_Libri_mittelblau.jpg\",\"width\":1990,\"height\":1100},{\"@type\":\"BreadcrumbList\",\"@id\":\"https:\/\/www.libri.de\/de\/fuer-den-handel\/produkte\/libri-warenwirtschaft\/#breadcrumb\",\"itemListElement\":[{\"@type\":\"ListItem\",\"position\":1,\"name\":\"Start\",\"item\":\"https:\/\/www.libri.de\/de\/\"},{\"@type\":\"ListItem\",\"position\":2,\"name\":\"F\u00fcr den Handel\",\"item\":\"https:\/\/www.libri.de\/de\/fuer-den-handel\/\"},{\"@type\":\"ListItem\",\"position\":3,\"name\":\"Produkte\",\"item\":\"https:\/\/www.libri.de\/de\/fuer-den-handel\/produkte\/\"},{\"@type\":\"ListItem\",\"position\":4,\"name\":\"Libri.Warenwirtschaft\"}]},{\"@type\":\"WebSite\",\"@id\":\"https:\/\/www.libri.de\/fr\/#website\",\"url\":\"https:\/\/www.libri.de\/fr\/\",\"name\":\"Libri GmbH\",\"description\":\"Barsortiment und Gro\u00dfhandel f\u00fcr B\u00fccher und andere Medien\",\"publisher\":{\"@id\":\"https:\/\/www.libri.de\/fr\/#organization\"},\"potentialAction\":[{\"@type\":\"SearchAction\",\"target\":{\"@type\":\"EntryPoint\",\"urlTemplate\":\"https:\/\/www.libri.de\/fr\/?s={search_term_string}\"},\"query-input\":{\"@type\":\"PropertyValueSpecification\",\"valueRequired\":true,\"valueName\":\"search_term_string\"}}],\"inLanguage\":\"de\"},{\"@type\":\"Organization\",\"@id\":\"https:\/\/www.libri.de\/fr\/#organization\",\"name\":\"Libri\",\"url\":\"https:\/\/www.libri.de\/fr\/\",\"logo\":{\"@type\":\"ImageObject\",\"inLanguage\":\"de\",\"@id\":\"https:\/\/www.libri.de\/fr\/#\/schema\/logo\/image\/\",\"url\":\"https:\/\/188.64.195.32\/wp-content\/uploads\/2022\/04\/libri_logo-1.jpg\",\"contentUrl\":\"https:\/\/188.64.195.32\/wp-content\/uploads\/2022\/04\/libri_logo-1.jpg\",\"width\":2000,\"height\":1000,\"caption\":\"Libri\"},\"image\":{\"@id\":\"https:\/\/www.libri.de\/fr\/#\/schema\/logo\/image\/\"},\"sameAs\":[\"https:\/\/www.facebook.com\/libribarsortiment\",\"https:\/\/www.instagram.com\/libri.barsortiment\",\"https:\/\/www.linkedin.com\/company\/libri-gmbh\"]}]}<\/script>\n<!-- \/ Yoast SEO plugin. -->","yoast_head_json":{"title":"Libri.Warenwirtschaft | Libri GmbH","robots":{"index":"index","follow":"follow","max-snippet":"max-snippet:-1","max-image-preview":"max-image-preview:large","max-video-preview":"max-video-preview:-1"},"canonical":"https:\/\/www.libri.de\/de\/fuer-den-handel\/produkte\/libri-warenwirtschaft\/","og_locale":"de_DE","og_type":"article","og_title":"Libri.Warenwirtschaft | Libri GmbH","og_description":"Das rechnet sich: Perfekte Steuerung f\u00fcr ein Gesch\u00e4ft mit Zukunft.","og_url":"https:\/\/www.libri.de\/de\/fuer-den-handel\/produkte\/libri-warenwirtschaft\/","og_site_name":"Libri GmbH","article_publisher":"https:\/\/www.facebook.com\/libribarsortiment","article_modified_time":"2025-06-25T13:05:01+00:00","og_image":[{"width":1990,"height":1100,"url":"https:\/\/www.libri.de\/wp-content\/uploads\/2021\/12\/Beitragsbild_Libri_mittelblau.jpg","type":"image\/jpeg"}],"twitter_card":"summary_large_image","twitter_misc":{"Gesch\u00e4tzte Lesezeit":"1\u00a0Minute"},"schema":{"@context":"https:\/\/schema.org","@graph":[{"@type":"WebPage","@id":"https:\/\/www.libri.de\/de\/fuer-den-handel\/produkte\/libri-warenwirtschaft\/","url":"https:\/\/www.libri.de\/de\/fuer-den-handel\/produkte\/libri-warenwirtschaft\/","name":"Libri.Warenwirtschaft | Libri GmbH","isPartOf":{"@id":"https:\/\/www.libri.de\/fr\/#website"},"primaryImageOfPage":{"@id":"https:\/\/www.libri.de\/de\/fuer-den-handel\/produkte\/libri-warenwirtschaft\/#primaryimage"},"image":{"@id":"https:\/\/www.libri.de\/de\/fuer-den-handel\/produkte\/libri-warenwirtschaft\/#primaryimage"},"thumbnailUrl":"https:\/\/www.libri.de\/wp-content\/uploads\/2021\/12\/Beitragsbild_Libri_mittelblau.jpg","datePublished":"2021-10-12T06:58:46+00:00","dateModified":"2025-06-25T13:05:01+00:00","breadcrumb":{"@id":"https:\/\/www.libri.de\/de\/fuer-den-handel\/produkte\/libri-warenwirtschaft\/#breadcrumb"},"inLanguage":"de","potentialAction":[{"@type":"ReadAction","target":["https:\/\/www.libri.de\/de\/fuer-den-handel\/produkte\/libri-warenwirtschaft\/"]}]},{"@type":"ImageObject","inLanguage":"de","@id":"https:\/\/www.libri.de\/de\/fuer-den-handel\/produkte\/libri-warenwirtschaft\/#primaryimage","url":"https:\/\/www.libri.de\/wp-content\/uploads\/2021\/12\/Beitragsbild_Libri_mittelblau.jpg","contentUrl":"https:\/\/www.libri.de\/wp-content\/uploads\/2021\/12\/Beitragsbild_Libri_mittelblau.jpg","width":1990,"height":1100},{"@type":"BreadcrumbList","@id":"https:\/\/www.libri.de\/de\/fuer-den-handel\/produkte\/libri-warenwirtschaft\/#breadcrumb","itemListElement":[{"@type":"ListItem","position":1,"name":"Start","item":"https:\/\/www.libri.de\/de\/"},{"@type":"ListItem","position":2,"name":"F\u00fcr den Handel","item":"https:\/\/www.libri.de\/de\/fuer-den-handel\/"},{"@type":"ListItem","position":3,"name":"Produkte","item":"https:\/\/www.libri.de\/de\/fuer-den-handel\/produkte\/"},{"@type":"ListItem","position":4,"name":"Libri.Warenwirtschaft"}]},{"@type":"WebSite","@id":"https:\/\/www.libri.de\/fr\/#website","url":"https:\/\/www.libri.de\/fr\/","name":"Libri GmbH","description":"Barsortiment und Gro\u00dfhandel f\u00fcr B\u00fccher und andere Medien","publisher":{"@id":"https:\/\/www.libri.de\/fr\/#organization"},"potentialAction":[{"@type":"SearchAction","target":{"@type":"EntryPoint","urlTemplate":"https:\/\/www.libri.de\/fr\/?s={search_term_string}"},"query-input":{"@type":"PropertyValueSpecification","valueRequired":true,"valueName":"search_term_string"}}],"inLanguage":"de"},{"@type":"Organization","@id":"https:\/\/www.libri.de\/fr\/#organization","name":"Libri","url":"https:\/\/www.libri.de\/fr\/","logo":{"@type":"ImageObject","inLanguage":"de","@id":"https:\/\/www.libri.de\/fr\/#\/schema\/logo\/image\/","url":"https:\/\/188.64.195.32\/wp-content\/uploads\/2022\/04\/libri_logo-1.jpg","contentUrl":"https:\/\/188.64.195.32\/wp-content\/uploads\/2022\/04\/libri_logo-1.jpg","width":2000,"height":1000,"caption":"Libri"},"image":{"@id":"https:\/\/www.libri.de\/fr\/#\/schema\/logo\/image\/"},"sameAs":["https:\/\/www.facebook.com\/libribarsortiment","https:\/\/www.instagram.com\/libri.barsortiment","https:\/\/www.linkedin.com\/company\/libri-gmbh"]}]}},"_links":{"self":[{"href":"https:\/\/www.libri.de\/de\/wp-json\/wp\/v2\/pages\/28890","targetHints":{"allow":["GET"]}}],"collection":[{"href":"https:\/\/www.libri.de\/de\/wp-json\/wp\/v2\/pages"}],"about":[{"href":"https:\/\/www.libri.de\/de\/wp-json\/wp\/v2\/types\/page"}],"author":[{"embeddable":true,"href":"https:\/\/www.libri.de\/de\/wp-json\/wp\/v2\/users\/29"}],"replies":[{"embeddable":true,"href":"https:\/\/www.libri.de\/de\/wp-json\/wp\/v2\/comments?post=28890"}],"version-history":[{"count":1,"href":"https:\/\/www.libri.de\/de\/wp-json\/wp\/v2\/pages\/28890\/revisions"}],"predecessor-version":[{"id":80442,"href":"https:\/\/www.libri.de\/de\/wp-json\/wp\/v2\/pages\/28890\/revisions\/80442"}],"up":[{"embeddable":true,"href":"https:\/\/www.libri.de\/de\/wp-json\/wp\/v2\/pages\/32791"}],"wp:featuredmedia":[{"embeddable":true,"href":"https:\/\/www.libri.de\/de\/wp-json\/wp\/v2\/media\/34894"}],"wp:attachment":[{"href":"https:\/\/www.libri.de\/de\/wp-json\/wp\/v2\/media?parent=28890"}],"curies":[{"name":"wp","href":"https:\/\/api.w.org\/{rel}","templated":true}]}}