{"id":28748,"date":"2021-10-08T10:30:09","date_gmt":"2021-10-08T08:30:09","guid":{"rendered":"https:\/\/www.libri.de\/?page_id=28748"},"modified":"2025-10-10T18:29:16","modified_gmt":"2025-10-10T16:29:16","slug":"pressemitteilungen","status":"publish","type":"page","link":"https:\/\/www.libri.de\/de\/pressemitteilungen\/","title":{"rendered":"Presse"},"content":{"rendered":"\r\n<div id=\"header-block_f9129c0714808f619c641a13ac78bee6\" class=\"block-header module type-press bc-trans\">\r\n  <div class=\"container\">\r\n\r\n    <p id=\"breadcrumbs\"><span><span><a href=\"https:\/\/www.libri.de\/de\/\">Start<\/a><\/span><\/span><\/p>    \r\n          <div class=\"row\">\r\n        <div class=\"col-12 col-md-7\">\r\n          <h1>Presse<\/h1>\r\n          <p>Hier finden Sie unsere Pressemeldungen, Dateien zum Download und die Kontaktdaten unseres Pressesprechers.<\/p>\r\n        <\/div>\r\n\r\n        <div class=\"col-12 col-md-5\">\r\n          <div class=\"d-flex align-items-center press-contact\">\r\n\r\n            <div class=\"image\">\r\n              <img decoding=\"async\" width=\"150\" height=\"150\" src=\"https:\/\/www.libri.de\/wp-content\/uploads\/2022\/04\/ThorstenSimon_Pressesprecher_Presse_Libri-150x150.jpg\" class=\"attachment-thumbnail size-thumbnail\" alt=\"\" srcset=\"https:\/\/www.libri.de\/wp-content\/uploads\/2022\/04\/ThorstenSimon_Pressesprecher_Presse_Libri-150x150.jpg 150w, https:\/\/www.libri.de\/wp-content\/uploads\/2022\/04\/ThorstenSimon_Pressesprecher_Presse_Libri-300x300.jpg 300w, https:\/\/www.libri.de\/wp-content\/uploads\/2022\/04\/ThorstenSimon_Pressesprecher_Presse_Libri.jpg 640w\" sizes=\"(max-width: 150px) 100vw, 150px\" \/>            <\/div>\r\n\r\n            <div class=\"contact-info\">\r\n              <div class=\"label\">Pressekontakt<\/div>\r\n              <div class=\"name\">Thorsten Simon<\/div>\r\n\r\n              \r\n                              <div class=\"email\"> \r\n                  <a class=\"d-block d-md-inline\" href=\"mailto:presse@libri.de\">\r\n                    presse@libri.de                  <\/a>\r\n                <\/div>\r\n                          <\/div>\r\n\r\n          <\/div>\r\n        <\/div>\r\n      <\/div>\r\n\r\n      \r\n  <\/div>\r\n<\/div>\r\n\r\n\n\n\r\n<div id=\"list-block_cfa42978be1e3b67e9c9f0377b1ff211\" class=\"block-list module type-press\">\r\n\r\n  \r\n<a href=\"https:\/\/www.libri.de\/de\/presse\/libri-campus-live_neugierde-wecken-und-neues-wagen\/\" class=\"container d-block mb-8 bc-green-2\">\r\n  <div class=\"entry \">\r\n\r\n    \r\n    <div class=\"text\">\r\n      <div class=\"info\">\r\n        12. Februar 2026 | Hamburg      <\/div>\r\n\r\n      <h3 class=\"h4 entry-title\">Libri.Campus live: Neugierde wecken und Neues wagen<\/h3>\r\n      <p class=\"entry-excerpt\">Anmeldezeitraum f\u00fcr Buchh\u00e4ndler*innen startet.<\/p>\r\n    <\/div>\r\n    \r\n    <div class=\"list-arrow\"><\/div>\r\n\r\n    <\/div>\r\n  <\/a>\r\n<a href=\"https:\/\/www.libri.de\/de\/presse\/libri-unterstuetzte-knapp-60-gruendungen-und-uebernahmen-von-buchhandlungen-in-2025\/\" class=\"container d-block mb-8 bc-green-2\">\r\n  <div class=\"entry \">\r\n\r\n    \r\n    <div class=\"text\">\r\n      <div class=\"info\">\r\n        12. Januar 2026 | Hamburg      <\/div>\r\n\r\n      <h3 class=\"h4 entry-title\">Neugr\u00fcndungen und -\u00fcbernahmen<\/h3>\r\n      <p class=\"entry-excerpt\">29\u00a0Neugr\u00fcndungen und 28\u00a0\u00dcbernahmen von unabh\u00e4ngigen Buchhandlungen begleitete Libri bundesweit in 2025.\u00a0<\/p>\r\n    <\/div>\r\n    \r\n    <div class=\"list-arrow\"><\/div>\r\n\r\n    <\/div>\r\n  <\/a>\r\n<a href=\"https:\/\/www.libri.de\/de\/presse\/neue-canon-drucksysteme-fuer-print-on-demand-bei-libri-investition-in-die-zukunft-des-buchs\/\" class=\"container d-block mb-8 bc-green-2\">\r\n  <div class=\"entry \">\r\n\r\n    \r\n    <div class=\"text\">\r\n      <div class=\"info\">\r\n        23. September 2025 | Hamburg\/Krefeld      <\/div>\r\n\r\n      <h3 class=\"h4 entry-title\">Investition in die Zukunft des Buchs<\/h3>\r\n      <p class=\"entry-excerpt\">Neue Canon Drucksysteme f\u00fcr Print-on-Demand bei Libri.<\/p>\r\n    <\/div>\r\n    \r\n    <div class=\"list-arrow\"><\/div>\r\n\r\n    <\/div>\r\n  <\/a>\r\n<a href=\"https:\/\/www.libri.de\/de\/presse\/libri-baut-angebot-italienischsprachiger-titel-aus\/\" class=\"container d-block mb-8 bc-green-2\">\r\n  <div class=\"entry \">\r\n\r\n    \r\n    <div class=\"text\">\r\n      <div class=\"info\">\r\n        10. Juli 2025 | Hamburg      <\/div>\r\n\r\n      <h3 class=\"h4 entry-title\">Libri baut Angebot italienischsprachiger Titel aus<\/h3>\r\n      <p class=\"entry-excerpt\">&nbsp;<\/p>\r\n    <\/div>\r\n    \r\n    <div class=\"list-arrow\"><\/div>\r\n\r\n    <\/div>\r\n  <\/a>\r\n<a href=\"https:\/\/www.libri.de\/de\/presse\/das-buchzentrum-und-libri-starten-neues-weiterbildungsformat\/\" class=\"container d-block mb-8 bc-green-2\">\r\n  <div class=\"entry \">\r\n\r\n    \r\n    <div class=\"text\">\r\n      <div class=\"info\">\r\n        17. Juni 2025 | Hamburg\/H\u00e4gendorf      <\/div>\r\n\r\n      <h3 class=\"h4 entry-title\">Das Buchzentrum und Libri starten neues Weiterbildungsformat<\/h3>\r\n      <p class=\"entry-excerpt\">&nbsp;<\/p>\r\n    <\/div>\r\n    \r\n    <div class=\"list-arrow\"><\/div>\r\n\r\n    <\/div>\r\n  <\/a>\r\n        <div id=\"get-more-press\">\r\n          <div id=\"get-more-press-bttn\" data-max=\"62\" data-per=\"5\" class=\"bttn-tertiary\">Mehr anzeigen<\/div>\r\n        <\/div>\r\n\r\n        <\/div>\n\n\r\n<div id=\"space-block_0f1304ea1fe9ceb6b324dd5014529fc6\" class=\"block-space module bc-trans\" style=\"height: 48px;\"><\/div>\n\n\r\n<div id=\"downloads-block_6330552b02acd643874b78e4c4d93953\" class=\"block-downloads module bc-trans\">\r\n  <div class=\"container\">\r\n    \r\n          <div class=\"row\">\r\n\r\n        <div class=\"col-11 col-md-10\">\r\n          <h2 class=\"h3\">Presse-Downloads<\/h2>\r\n        <\/div>\r\n        <div class=\"col-11 col-md-10\">\r\n          <p>Bitte geben Sie bei Nutzung die Libri GmbH als Bildquelle an. Weitere Pressematerialien finden Sie unter den jeweiligen Pressemitteilungen.<\/p>\r\n        <\/div>\r\n\r\n      <\/div>\r\n          \r\n    \r\n    <div class=\"download-entry d-flex\">\r\n\r\n        <div class=\"download-icon\">\r\n            <a href=\"https:\/\/www.libri.de\/de\/download\/41983\/\" download>\r\n                <img decoding=\"async\" src=\"https:\/\/www.libri.de\/wp-content\/themes\/libri\/img\/icn-download-mobile.svg\" alt=\"download\">\r\n            <\/a>\r\n        <\/div>\r\n\r\n        <div class=\"download-details \">\r\n            <h3 class=\"h4 download-title\">Libri Logopaket<\/h3>\r\n            <a class=\"download-button float-right d-none d-md-block\" href=\"https:\/\/www.libri.de\/de\/download\/41983\/\" download>download<\/a>\r\n                            <p>ZIP<\/p>\r\n                        <a class=\"download-button d-md-none\" href=\"https:\/\/www.libri.de\/de\/download\/41983\/\" download>download<\/a>\r\n        <\/div>\r\n    <\/div>\r\n\r\n\r\n  <\/div>\r\n<\/div>\r\n\r\n\n\n\r\n<div id=\"space-block_0f1304ea1fe9ceb6b324dd5014529fc6\" class=\"block-space module bc-trans\" style=\"height: 48px;\"><\/div>","protected":false},"excerpt":{"rendered":"<p>Hier finden Sie unsere Pressemeldungen, Dateien zum Download und die Kontaktdaten unseres Pressesprechers.<\/p>\n","protected":false},"author":10,"featured_media":34894,"parent":0,"menu_order":0,"comment_status":"closed","ping_status":"closed","template":"","meta":{"_acf_changed":false,"footnotes":""},"class_list":["post-28748","page","type-page","status-publish","has-post-thumbnail","hentry"],"acf":[],"yoast_head":"<!-- This site is optimized with the Yoast SEO plugin v27.0 - https:\/\/yoast.com\/product\/yoast-seo-wordpress\/ -->\n<title>Presse | Libri GmbH<\/title>\n<meta name=\"description\" content=\"Aktuelle Libri-Pressemeldungen, Presse-Downloads und Ansprechpartner f\u00fcr Medien und Presse des Buchgro\u00dfh\u00e4ndlers Libri.\" \/>\n<meta name=\"robots\" content=\"index, follow, max-snippet:-1, max-image-preview:large, max-video-preview:-1\" \/>\n<link rel=\"canonical\" href=\"https:\/\/www.libri.de\/de\/pressemitteilungen\/\" \/>\n<meta property=\"og:locale\" content=\"de_DE\" \/>\n<meta property=\"og:type\" content=\"article\" \/>\n<meta property=\"og:title\" content=\"Presse | Libri GmbH\" \/>\n<meta property=\"og:description\" content=\"Aktuelle Libri-Pressemeldungen, Presse-Downloads und Ansprechpartner f\u00fcr Medien und Presse des Buchgro\u00dfh\u00e4ndlers Libri.\" \/>\n<meta property=\"og:url\" content=\"https:\/\/www.libri.de\/de\/pressemitteilungen\/\" \/>\n<meta property=\"og:site_name\" content=\"Libri GmbH\" \/>\n<meta property=\"article:publisher\" content=\"https:\/\/www.facebook.com\/libribarsortiment\" \/>\n<meta property=\"article:modified_time\" content=\"2025-10-10T16:29:16+00:00\" \/>\n<meta property=\"og:image\" content=\"https:\/\/www.libri.de\/wp-content\/uploads\/2021\/12\/Beitragsbild_Libri_mittelblau.jpg\" \/>\n\t<meta property=\"og:image:width\" content=\"1990\" \/>\n\t<meta property=\"og:image:height\" content=\"1100\" \/>\n\t<meta property=\"og:image:type\" content=\"image\/jpeg\" \/>\n<meta name=\"twitter:card\" content=\"summary_large_image\" \/>\n<meta name=\"twitter:label1\" content=\"Gesch\u00e4tzte Lesezeit\" \/>\n\t<meta name=\"twitter:data1\" content=\"1\u00a0Minute\" \/>\n<script type=\"application\/ld+json\" class=\"yoast-schema-graph\">{\"@context\":\"https:\/\/schema.org\",\"@graph\":[{\"@type\":\"WebPage\",\"@id\":\"https:\/\/www.libri.de\/de\/pressemitteilungen\/\",\"url\":\"https:\/\/www.libri.de\/de\/pressemitteilungen\/\",\"name\":\"Presse | Libri GmbH\",\"isPartOf\":{\"@id\":\"https:\/\/www.libri.de\/fr\/#website\"},\"primaryImageOfPage\":{\"@id\":\"https:\/\/www.libri.de\/de\/pressemitteilungen\/#primaryimage\"},\"image\":{\"@id\":\"https:\/\/www.libri.de\/de\/pressemitteilungen\/#primaryimage\"},\"thumbnailUrl\":\"https:\/\/www.libri.de\/wp-content\/uploads\/2021\/12\/Beitragsbild_Libri_mittelblau.jpg\",\"datePublished\":\"2021-10-08T08:30:09+00:00\",\"dateModified\":\"2025-10-10T16:29:16+00:00\",\"description\":\"Aktuelle Libri-Pressemeldungen, Presse-Downloads und Ansprechpartner f\u00fcr Medien und Presse des Buchgro\u00dfh\u00e4ndlers Libri.\",\"breadcrumb\":{\"@id\":\"https:\/\/www.libri.de\/de\/pressemitteilungen\/#breadcrumb\"},\"inLanguage\":\"de\",\"potentialAction\":[{\"@type\":\"ReadAction\",\"target\":[\"https:\/\/www.libri.de\/de\/pressemitteilungen\/\"]}]},{\"@type\":\"ImageObject\",\"inLanguage\":\"de\",\"@id\":\"https:\/\/www.libri.de\/de\/pressemitteilungen\/#primaryimage\",\"url\":\"https:\/\/www.libri.de\/wp-content\/uploads\/2021\/12\/Beitragsbild_Libri_mittelblau.jpg\",\"contentUrl\":\"https:\/\/www.libri.de\/wp-content\/uploads\/2021\/12\/Beitragsbild_Libri_mittelblau.jpg\",\"width\":1990,\"height\":1100},{\"@type\":\"BreadcrumbList\",\"@id\":\"https:\/\/www.libri.de\/de\/pressemitteilungen\/#breadcrumb\",\"itemListElement\":[{\"@type\":\"ListItem\",\"position\":1,\"name\":\"Start\",\"item\":\"https:\/\/www.libri.de\/de\/\"},{\"@type\":\"ListItem\",\"position\":2,\"name\":\"Presse\"}]},{\"@type\":\"WebSite\",\"@id\":\"https:\/\/www.libri.de\/fr\/#website\",\"url\":\"https:\/\/www.libri.de\/fr\/\",\"name\":\"Libri GmbH\",\"description\":\"Barsortiment und Gro\u00dfhandel f\u00fcr B\u00fccher und andere Medien\",\"publisher\":{\"@id\":\"https:\/\/www.libri.de\/fr\/#organization\"},\"potentialAction\":[{\"@type\":\"SearchAction\",\"target\":{\"@type\":\"EntryPoint\",\"urlTemplate\":\"https:\/\/www.libri.de\/fr\/?s={search_term_string}\"},\"query-input\":{\"@type\":\"PropertyValueSpecification\",\"valueRequired\":true,\"valueName\":\"search_term_string\"}}],\"inLanguage\":\"de\"},{\"@type\":\"Organization\",\"@id\":\"https:\/\/www.libri.de\/fr\/#organization\",\"name\":\"Libri\",\"url\":\"https:\/\/www.libri.de\/fr\/\",\"logo\":{\"@type\":\"ImageObject\",\"inLanguage\":\"de\",\"@id\":\"https:\/\/www.libri.de\/fr\/#\/schema\/logo\/image\/\",\"url\":\"https:\/\/188.64.195.32\/wp-content\/uploads\/2022\/04\/libri_logo-1.jpg\",\"contentUrl\":\"https:\/\/188.64.195.32\/wp-content\/uploads\/2022\/04\/libri_logo-1.jpg\",\"width\":2000,\"height\":1000,\"caption\":\"Libri\"},\"image\":{\"@id\":\"https:\/\/www.libri.de\/fr\/#\/schema\/logo\/image\/\"},\"sameAs\":[\"https:\/\/www.facebook.com\/libribarsortiment\",\"https:\/\/www.instagram.com\/libri.barsortiment\",\"https:\/\/www.linkedin.com\/company\/libri-gmbh\"]}]}<\/script>\n<!-- \/ Yoast SEO plugin. -->","yoast_head_json":{"title":"Presse | Libri GmbH","description":"Aktuelle Libri-Pressemeldungen, Presse-Downloads und Ansprechpartner f\u00fcr Medien und Presse des Buchgro\u00dfh\u00e4ndlers Libri.","robots":{"index":"index","follow":"follow","max-snippet":"max-snippet:-1","max-image-preview":"max-image-preview:large","max-video-preview":"max-video-preview:-1"},"canonical":"https:\/\/www.libri.de\/de\/pressemitteilungen\/","og_locale":"de_DE","og_type":"article","og_title":"Presse | Libri GmbH","og_description":"Aktuelle Libri-Pressemeldungen, Presse-Downloads und Ansprechpartner f\u00fcr Medien und Presse des Buchgro\u00dfh\u00e4ndlers Libri.","og_url":"https:\/\/www.libri.de\/de\/pressemitteilungen\/","og_site_name":"Libri GmbH","article_publisher":"https:\/\/www.facebook.com\/libribarsortiment","article_modified_time":"2025-10-10T16:29:16+00:00","og_image":[{"width":1990,"height":1100,"url":"https:\/\/www.libri.de\/wp-content\/uploads\/2021\/12\/Beitragsbild_Libri_mittelblau.jpg","type":"image\/jpeg"}],"twitter_card":"summary_large_image","twitter_misc":{"Gesch\u00e4tzte Lesezeit":"1\u00a0Minute"},"schema":{"@context":"https:\/\/schema.org","@graph":[{"@type":"WebPage","@id":"https:\/\/www.libri.de\/de\/pressemitteilungen\/","url":"https:\/\/www.libri.de\/de\/pressemitteilungen\/","name":"Presse | Libri GmbH","isPartOf":{"@id":"https:\/\/www.libri.de\/fr\/#website"},"primaryImageOfPage":{"@id":"https:\/\/www.libri.de\/de\/pressemitteilungen\/#primaryimage"},"image":{"@id":"https:\/\/www.libri.de\/de\/pressemitteilungen\/#primaryimage"},"thumbnailUrl":"https:\/\/www.libri.de\/wp-content\/uploads\/2021\/12\/Beitragsbild_Libri_mittelblau.jpg","datePublished":"2021-10-08T08:30:09+00:00","dateModified":"2025-10-10T16:29:16+00:00","description":"Aktuelle Libri-Pressemeldungen, Presse-Downloads und Ansprechpartner f\u00fcr Medien und Presse des Buchgro\u00dfh\u00e4ndlers Libri.","breadcrumb":{"@id":"https:\/\/www.libri.de\/de\/pressemitteilungen\/#breadcrumb"},"inLanguage":"de","potentialAction":[{"@type":"ReadAction","target":["https:\/\/www.libri.de\/de\/pressemitteilungen\/"]}]},{"@type":"ImageObject","inLanguage":"de","@id":"https:\/\/www.libri.de\/de\/pressemitteilungen\/#primaryimage","url":"https:\/\/www.libri.de\/wp-content\/uploads\/2021\/12\/Beitragsbild_Libri_mittelblau.jpg","contentUrl":"https:\/\/www.libri.de\/wp-content\/uploads\/2021\/12\/Beitragsbild_Libri_mittelblau.jpg","width":1990,"height":1100},{"@type":"BreadcrumbList","@id":"https:\/\/www.libri.de\/de\/pressemitteilungen\/#breadcrumb","itemListElement":[{"@type":"ListItem","position":1,"name":"Start","item":"https:\/\/www.libri.de\/de\/"},{"@type":"ListItem","position":2,"name":"Presse"}]},{"@type":"WebSite","@id":"https:\/\/www.libri.de\/fr\/#website","url":"https:\/\/www.libri.de\/fr\/","name":"Libri GmbH","description":"Barsortiment und Gro\u00dfhandel f\u00fcr B\u00fccher und andere Medien","publisher":{"@id":"https:\/\/www.libri.de\/fr\/#organization"},"potentialAction":[{"@type":"SearchAction","target":{"@type":"EntryPoint","urlTemplate":"https:\/\/www.libri.de\/fr\/?s={search_term_string}"},"query-input":{"@type":"PropertyValueSpecification","valueRequired":true,"valueName":"search_term_string"}}],"inLanguage":"de"},{"@type":"Organization","@id":"https:\/\/www.libri.de\/fr\/#organization","name":"Libri","url":"https:\/\/www.libri.de\/fr\/","logo":{"@type":"ImageObject","inLanguage":"de","@id":"https:\/\/www.libri.de\/fr\/#\/schema\/logo\/image\/","url":"https:\/\/188.64.195.32\/wp-content\/uploads\/2022\/04\/libri_logo-1.jpg","contentUrl":"https:\/\/188.64.195.32\/wp-content\/uploads\/2022\/04\/libri_logo-1.jpg","width":2000,"height":1000,"caption":"Libri"},"image":{"@id":"https:\/\/www.libri.de\/fr\/#\/schema\/logo\/image\/"},"sameAs":["https:\/\/www.facebook.com\/libribarsortiment","https:\/\/www.instagram.com\/libri.barsortiment","https:\/\/www.linkedin.com\/company\/libri-gmbh"]}]}},"_links":{"self":[{"href":"https:\/\/www.libri.de\/de\/wp-json\/wp\/v2\/pages\/28748","targetHints":{"allow":["GET"]}}],"collection":[{"href":"https:\/\/www.libri.de\/de\/wp-json\/wp\/v2\/pages"}],"about":[{"href":"https:\/\/www.libri.de\/de\/wp-json\/wp\/v2\/types\/page"}],"author":[{"embeddable":true,"href":"https:\/\/www.libri.de\/de\/wp-json\/wp\/v2\/users\/10"}],"replies":[{"embeddable":true,"href":"https:\/\/www.libri.de\/de\/wp-json\/wp\/v2\/comments?post=28748"}],"version-history":[{"count":2,"href":"https:\/\/www.libri.de\/de\/wp-json\/wp\/v2\/pages\/28748\/revisions"}],"predecessor-version":[{"id":83992,"href":"https:\/\/www.libri.de\/de\/wp-json\/wp\/v2\/pages\/28748\/revisions\/83992"}],"wp:featuredmedia":[{"embeddable":true,"href":"https:\/\/www.libri.de\/de\/wp-json\/wp\/v2\/media\/34894"}],"wp:attachment":[{"href":"https:\/\/www.libri.de\/de\/wp-json\/wp\/v2\/media?parent=28748"}],"curies":[{"name":"wp","href":"https:\/\/api.w.org\/{rel}","templated":true}]}}