{"id":28631,"date":"2021-11-23T17:04:06","date_gmt":"2021-11-23T15:04:06","guid":{"rendered":"https:\/\/www.libri.de\/?page_id=28631"},"modified":"2023-09-14T17:58:33","modified_gmt":"2023-09-14T15:58:33","slug":"mein-libri","status":"publish","type":"page","link":"https:\/\/www.libri.de\/de\/fuer-den-handel\/produkte\/mein-libri\/","title":{"rendered":"Mein Libri"},"content":{"rendered":"\r\n<div id=\"header-block_ce5e68450db1250dfd51c1b762bf2441\" class=\"block-header module type-small bc-red c-white-imp\">\r\n  <div class=\"container\">\r\n\r\n    <p id=\"breadcrumbs\"><span><span><a href=\"https:\/\/www.libri.de\/de\/\">Start<\/a><\/span><\/span><\/p>    \r\n    \r\n      \r\n      <div class=\"row\">\r\n        <div class=\"col-12 col-md-10 title\">\r\n          <h1 class=\"\">Mein Libri<\/h1>\r\n        <\/div>\r\n\r\n        <div class=\"col-12 col-md-10 text\">\r\n          <p>Suchen, bestellen und verwalten im Onlineportal<\/p>\r\n        <\/div>\r\n      <\/div>\r\n\r\n      \r\n  <\/div>\r\n<\/div>\r\n\r\n\n\n\r\n<div id=\"space-block_b3b4627ff24e220d7c2a675e1c0038bf\" class=\"block-space module bc-trans\" style=\"height: 48px;\"><\/div>\n\n\r\n<div id=\"text-block_0a483866dd8517d107464427a0eafdf4\" class=\"block-text module type-text-img bc-trans\">\r\n  <div class=\"container\">\r\n\r\n    \r\n      <div class=\"row flex-row-reverse\">\r\n\r\n        \r\n          <div class=\"col-12 col-md-6 col-xl-5\">\r\n            <div class=\"image square\">\r\n              <img decoding=\"async\" width=\"640\" height=\"640\" src=\"https:\/\/www.libri.de\/wp-content\/uploads\/2021\/12\/libri_meinlibri_01.jpg\" class=\"attachment-medium_large size-medium_large\" alt=\"\" srcset=\"https:\/\/www.libri.de\/wp-content\/uploads\/2021\/12\/libri_meinlibri_01.jpg 640w, https:\/\/www.libri.de\/wp-content\/uploads\/2021\/12\/libri_meinlibri_01-300x300.jpg 300w, https:\/\/www.libri.de\/wp-content\/uploads\/2021\/12\/libri_meinlibri_01-150x150.jpg 150w\" sizes=\"(max-width: 640px) 100vw, 640px\" \/>            <\/div>\r\n                      <\/div>\r\n\r\n          <div class=\"d-none d-xl-block col-2\"><\/div>\r\n\r\n        \r\n        <div class=\"col-12 col-md-6 col-xl-5\">\r\n\r\n                      <h2 class=\"title\">Ihr Onlineportal<\/h2>\r\n          \r\n          <div class=\"text \">\r\n            <p>Je nach Gr\u00f6\u00dfe Ihrer Buchhandlung hat Libri die f\u00fcr Sie passenden Bestell- und Warenwirtschaftssysteme: Im Onlineportal\u00a0<strong>Mein Libri<\/strong>\u00a0k\u00f6nnen Sie einfach und komfortabel Artikel aus dem internationalen Libri-Katalog mit 10 Mio. Titeln suchen und bestellen.<\/p>\n<p>Dar\u00fcber hinaus haben Sie mit\u00a0<strong>Mein Libri<\/strong>\u00a0jederzeit Zugriff auf Ihre Daten bei Libri. Dort finden Sie \u00dcbersichten zu Bestellungen, Vormerkungen, Remissionen und transportierten Gewichten.<\/p>\n<p>Dazu kommen Informationen und Anleitungen sowie einfache Tools, um den Alltag zu erleichtern. Und sicher im Chefzugriff: Umsatzentwicklung und weitere Finanzinfos sowie vertrauliche Dokumente. Selbstverst\u00e4ndlich k\u00f6nnen Sie Ihren Mitarbeitern in\u00a0<strong>Mein Libri<\/strong>\u00a0unterschiedliche Rechte freischalten und so zum Beispiel stellvertretende Administratoren definieren, die Zugriff auf Rechnungen und Gutschriften haben sollen.<\/p>\n          <\/div>\r\n\r\n          \r\n          \r\n        <\/div>\r\n        \r\n      <\/div>\r\n\r\n    \r\n  <\/div>\r\n<\/div>\r\n\r\n\n\n\r\n<div id=\"text-block_f5768742ebfd209a54f16e2ed6720809\" class=\"block-text module type-text bc-trans\">\r\n  <div class=\"container\">\r\n\r\n    \r\n      <div class=\"row \">\r\n\r\n        \r\n        <div class=\"col-12 col-md-10\">\r\n\r\n                      <h2 class=\"title\">Mein Libri \u2013 Suchen und Bestellen im Onlineportal<\/h2>\r\n          \r\n          <div class=\"text for-box-js\">\r\n            <p>Mein Libri ist ein vollwertiges Bibliographie-Tool mit Direktzugriff auf das Libri-Barsortimentslager. Gro\u00dfe Abbildungen und Klappentexte unterst\u00fctzen Sie bei der Kundenberatung.<\/p>\n<p>Per Auftragsschnellerfassung k\u00f6nnen Sie Bestellnummern auch direkt erfassen. Das spart Zeit, genau wie der gemeinsame Warenkorb f\u00fcr Lager- und Kundenbestellungen.<\/p>\n          <\/div>\r\n\r\n          \r\n          \r\n        <\/div>\r\n        \r\n      <\/div>\r\n\r\n    \r\n  <\/div>\r\n<\/div>\r\n\r\n\n\n\r\n<div id=\"text-block_6b0d3977555e938999cdec39a834b4d6\" class=\"block-text module type-text bc-trans\">\r\n  <div class=\"container\">\r\n\r\n    \r\n      <div class=\"row \">\r\n\r\n        \r\n        <div class=\"col-12 col-md-10\">\r\n\r\n                      <h2 class=\"title\">Bestseller und Themenwelten<\/h2>\r\n          \r\n          <div class=\"text for-box-js\">\r\n            <p>Entdecken Sie die aktuellen Spiegel Bestseller, englische Novit\u00e4ten und vieles mehr. So behalten Sie den \u00dcberblick in der Titelflut und begeistern Ihre Kunden immer wieder neu.<\/p>\n          <\/div>\r\n\r\n          \r\n          \r\n        <\/div>\r\n        \r\n      <\/div>\r\n\r\n    \r\n  <\/div>\r\n<\/div>\r\n\r\n\n\n\r\n<div id=\"space-block_3ac1f1a9f0b7ed6d131da2da40db9ab7\" class=\"block-space module bc-trans\" style=\"height: 48px;\"><\/div>\n\n\r\n<div id=\"teaser-contact-block_f012aa991cdd15e86308a15f8f17a7dc\" class=\"block-teaser-contact bc-blue c-white-imp\">\r\n  <div class=\"container\">\r\n    <div class=\"row flex-md-row-reverse justify-content-between\">\r\n\r\n      <div class=\"col-12 col-md-4\">\r\n        <div class=\"image\">\r\n                  <\/div>\r\n      <\/div>\r\n\r\n      <div class=\"col-12 col-md-6 d-flex flex-column\">\r\n\r\n        <div class=\"text\">\r\n                      <h2 class=\"title\">Wir helfen Ihnen gerne weiter.<\/h2>\r\n          \r\n                      <p>Haben Sie Fragen oder ein bestimmtes Anliegen?<\/p>\r\n                  <\/div>\r\n\r\n                  <div class=\"cta\">\r\n            <a \r\n              class=\"bttn-primary \"\r\n              href=\"https:\/\/www.libri.de\/de\/vertrieb_stationaer\/\"\r\n              target=\"_self\"\r\n              >\r\n              Jetzt Kontakt aufnehmen            <\/a>\r\n          <\/div>\r\n        \r\n        \r\n      <\/div>\r\n\r\n    <\/div>\r\n  <\/div>\r\n<\/div>\r\n\r\n\n\n\r\n<div id=\"go-back-block_4a80a5db1ca2486f57fbd3de76645393\" class=\"block-go-back module bc-green-2\">\r\n  <div class=\"container\">\r\n\r\n    <a href=\"javascript:history.back()\" class=\"bttn-secondary go-back-link\">\r\n      <span class=\"arrow-left\"><\/span>Zur\u00fcck zur \u00dcbersicht    <\/a>\r\n\r\n  <\/div>\r\n<\/div>\r\n\r\n","protected":false},"excerpt":{"rendered":"<p>Suchen, bestellen und verwalten im Onlineportal.<\/p>\n","protected":false},"author":29,"featured_media":34901,"parent":32791,"menu_order":0,"comment_status":"closed","ping_status":"closed","template":"","meta":{"_acf_changed":false,"footnotes":""},"class_list":["post-28631","page","type-page","status-publish","has-post-thumbnail","hentry"],"acf":[],"yoast_head":"<!-- This site is optimized with the Yoast SEO plugin v27.0 - https:\/\/yoast.com\/product\/yoast-seo-wordpress\/ -->\n<title>Mein Libri | Libri GmbH<\/title>\n<meta name=\"robots\" content=\"index, follow, max-snippet:-1, max-image-preview:large, max-video-preview:-1\" \/>\n<link rel=\"canonical\" href=\"https:\/\/www.libri.de\/de\/fuer-den-handel\/produkte\/mein-libri\/\" \/>\n<meta property=\"og:locale\" content=\"de_DE\" \/>\n<meta property=\"og:type\" content=\"article\" \/>\n<meta property=\"og:title\" content=\"Mein Libri | Libri GmbH\" \/>\n<meta property=\"og:description\" content=\"Suchen, bestellen und verwalten im Onlineportal.\" \/>\n<meta property=\"og:url\" content=\"https:\/\/www.libri.de\/de\/fuer-den-handel\/produkte\/mein-libri\/\" \/>\n<meta property=\"og:site_name\" content=\"Libri GmbH\" \/>\n<meta property=\"article:publisher\" content=\"https:\/\/www.facebook.com\/libribarsortiment\" \/>\n<meta property=\"article:modified_time\" content=\"2023-09-14T15:58:33+00:00\" \/>\n<meta property=\"og:image\" content=\"https:\/\/www.libri.de\/wp-content\/uploads\/2021\/12\/Beitragsbild_Libri_korall.jpg\" \/>\n\t<meta property=\"og:image:width\" content=\"1990\" \/>\n\t<meta property=\"og:image:height\" content=\"1100\" \/>\n\t<meta property=\"og:image:type\" content=\"image\/jpeg\" \/>\n<meta name=\"twitter:card\" content=\"summary_large_image\" \/>\n<script type=\"application\/ld+json\" class=\"yoast-schema-graph\">{\"@context\":\"https:\/\/schema.org\",\"@graph\":[{\"@type\":\"WebPage\",\"@id\":\"https:\/\/www.libri.de\/de\/fuer-den-handel\/produkte\/mein-libri\/\",\"url\":\"https:\/\/www.libri.de\/de\/fuer-den-handel\/produkte\/mein-libri\/\",\"name\":\"Mein Libri | Libri GmbH\",\"isPartOf\":{\"@id\":\"https:\/\/www.libri.de\/fr\/#website\"},\"primaryImageOfPage\":{\"@id\":\"https:\/\/www.libri.de\/de\/fuer-den-handel\/produkte\/mein-libri\/#primaryimage\"},\"image\":{\"@id\":\"https:\/\/www.libri.de\/de\/fuer-den-handel\/produkte\/mein-libri\/#primaryimage\"},\"thumbnailUrl\":\"https:\/\/www.libri.de\/wp-content\/uploads\/2021\/12\/Beitragsbild_Libri_korall.jpg\",\"datePublished\":\"2021-11-23T15:04:06+00:00\",\"dateModified\":\"2023-09-14T15:58:33+00:00\",\"breadcrumb\":{\"@id\":\"https:\/\/www.libri.de\/de\/fuer-den-handel\/produkte\/mein-libri\/#breadcrumb\"},\"inLanguage\":\"de\",\"potentialAction\":[{\"@type\":\"ReadAction\",\"target\":[\"https:\/\/www.libri.de\/de\/fuer-den-handel\/produkte\/mein-libri\/\"]}]},{\"@type\":\"ImageObject\",\"inLanguage\":\"de\",\"@id\":\"https:\/\/www.libri.de\/de\/fuer-den-handel\/produkte\/mein-libri\/#primaryimage\",\"url\":\"https:\/\/www.libri.de\/wp-content\/uploads\/2021\/12\/Beitragsbild_Libri_korall.jpg\",\"contentUrl\":\"https:\/\/www.libri.de\/wp-content\/uploads\/2021\/12\/Beitragsbild_Libri_korall.jpg\",\"width\":1990,\"height\":1100},{\"@type\":\"BreadcrumbList\",\"@id\":\"https:\/\/www.libri.de\/de\/fuer-den-handel\/produkte\/mein-libri\/#breadcrumb\",\"itemListElement\":[{\"@type\":\"ListItem\",\"position\":1,\"name\":\"Start\",\"item\":\"https:\/\/www.libri.de\/de\/\"},{\"@type\":\"ListItem\",\"position\":2,\"name\":\"F\u00fcr den Handel\",\"item\":\"https:\/\/www.libri.de\/de\/fuer-den-handel\/\"},{\"@type\":\"ListItem\",\"position\":3,\"name\":\"Produkte\",\"item\":\"https:\/\/www.libri.de\/de\/fuer-den-handel\/produkte\/\"},{\"@type\":\"ListItem\",\"position\":4,\"name\":\"Mein Libri\"}]},{\"@type\":\"WebSite\",\"@id\":\"https:\/\/www.libri.de\/fr\/#website\",\"url\":\"https:\/\/www.libri.de\/fr\/\",\"name\":\"Libri GmbH\",\"description\":\"Barsortiment und Gro\u00dfhandel f\u00fcr B\u00fccher und andere Medien\",\"publisher\":{\"@id\":\"https:\/\/www.libri.de\/fr\/#organization\"},\"potentialAction\":[{\"@type\":\"SearchAction\",\"target\":{\"@type\":\"EntryPoint\",\"urlTemplate\":\"https:\/\/www.libri.de\/fr\/?s={search_term_string}\"},\"query-input\":{\"@type\":\"PropertyValueSpecification\",\"valueRequired\":true,\"valueName\":\"search_term_string\"}}],\"inLanguage\":\"de\"},{\"@type\":\"Organization\",\"@id\":\"https:\/\/www.libri.de\/fr\/#organization\",\"name\":\"Libri\",\"url\":\"https:\/\/www.libri.de\/fr\/\",\"logo\":{\"@type\":\"ImageObject\",\"inLanguage\":\"de\",\"@id\":\"https:\/\/www.libri.de\/fr\/#\/schema\/logo\/image\/\",\"url\":\"https:\/\/188.64.195.32\/wp-content\/uploads\/2022\/04\/libri_logo-1.jpg\",\"contentUrl\":\"https:\/\/188.64.195.32\/wp-content\/uploads\/2022\/04\/libri_logo-1.jpg\",\"width\":2000,\"height\":1000,\"caption\":\"Libri\"},\"image\":{\"@id\":\"https:\/\/www.libri.de\/fr\/#\/schema\/logo\/image\/\"},\"sameAs\":[\"https:\/\/www.facebook.com\/libribarsortiment\",\"https:\/\/www.instagram.com\/libri.barsortiment\",\"https:\/\/www.linkedin.com\/company\/libri-gmbh\"]}]}<\/script>\n<!-- \/ Yoast SEO plugin. -->","yoast_head_json":{"title":"Mein Libri | Libri GmbH","robots":{"index":"index","follow":"follow","max-snippet":"max-snippet:-1","max-image-preview":"max-image-preview:large","max-video-preview":"max-video-preview:-1"},"canonical":"https:\/\/www.libri.de\/de\/fuer-den-handel\/produkte\/mein-libri\/","og_locale":"de_DE","og_type":"article","og_title":"Mein Libri | Libri GmbH","og_description":"Suchen, bestellen und verwalten im Onlineportal.","og_url":"https:\/\/www.libri.de\/de\/fuer-den-handel\/produkte\/mein-libri\/","og_site_name":"Libri GmbH","article_publisher":"https:\/\/www.facebook.com\/libribarsortiment","article_modified_time":"2023-09-14T15:58:33+00:00","og_image":[{"width":1990,"height":1100,"url":"https:\/\/www.libri.de\/wp-content\/uploads\/2021\/12\/Beitragsbild_Libri_korall.jpg","type":"image\/jpeg"}],"twitter_card":"summary_large_image","schema":{"@context":"https:\/\/schema.org","@graph":[{"@type":"WebPage","@id":"https:\/\/www.libri.de\/de\/fuer-den-handel\/produkte\/mein-libri\/","url":"https:\/\/www.libri.de\/de\/fuer-den-handel\/produkte\/mein-libri\/","name":"Mein Libri | Libri GmbH","isPartOf":{"@id":"https:\/\/www.libri.de\/fr\/#website"},"primaryImageOfPage":{"@id":"https:\/\/www.libri.de\/de\/fuer-den-handel\/produkte\/mein-libri\/#primaryimage"},"image":{"@id":"https:\/\/www.libri.de\/de\/fuer-den-handel\/produkte\/mein-libri\/#primaryimage"},"thumbnailUrl":"https:\/\/www.libri.de\/wp-content\/uploads\/2021\/12\/Beitragsbild_Libri_korall.jpg","datePublished":"2021-11-23T15:04:06+00:00","dateModified":"2023-09-14T15:58:33+00:00","breadcrumb":{"@id":"https:\/\/www.libri.de\/de\/fuer-den-handel\/produkte\/mein-libri\/#breadcrumb"},"inLanguage":"de","potentialAction":[{"@type":"ReadAction","target":["https:\/\/www.libri.de\/de\/fuer-den-handel\/produkte\/mein-libri\/"]}]},{"@type":"ImageObject","inLanguage":"de","@id":"https:\/\/www.libri.de\/de\/fuer-den-handel\/produkte\/mein-libri\/#primaryimage","url":"https:\/\/www.libri.de\/wp-content\/uploads\/2021\/12\/Beitragsbild_Libri_korall.jpg","contentUrl":"https:\/\/www.libri.de\/wp-content\/uploads\/2021\/12\/Beitragsbild_Libri_korall.jpg","width":1990,"height":1100},{"@type":"BreadcrumbList","@id":"https:\/\/www.libri.de\/de\/fuer-den-handel\/produkte\/mein-libri\/#breadcrumb","itemListElement":[{"@type":"ListItem","position":1,"name":"Start","item":"https:\/\/www.libri.de\/de\/"},{"@type":"ListItem","position":2,"name":"F\u00fcr den Handel","item":"https:\/\/www.libri.de\/de\/fuer-den-handel\/"},{"@type":"ListItem","position":3,"name":"Produkte","item":"https:\/\/www.libri.de\/de\/fuer-den-handel\/produkte\/"},{"@type":"ListItem","position":4,"name":"Mein Libri"}]},{"@type":"WebSite","@id":"https:\/\/www.libri.de\/fr\/#website","url":"https:\/\/www.libri.de\/fr\/","name":"Libri GmbH","description":"Barsortiment und Gro\u00dfhandel f\u00fcr B\u00fccher und andere Medien","publisher":{"@id":"https:\/\/www.libri.de\/fr\/#organization"},"potentialAction":[{"@type":"SearchAction","target":{"@type":"EntryPoint","urlTemplate":"https:\/\/www.libri.de\/fr\/?s={search_term_string}"},"query-input":{"@type":"PropertyValueSpecification","valueRequired":true,"valueName":"search_term_string"}}],"inLanguage":"de"},{"@type":"Organization","@id":"https:\/\/www.libri.de\/fr\/#organization","name":"Libri","url":"https:\/\/www.libri.de\/fr\/","logo":{"@type":"ImageObject","inLanguage":"de","@id":"https:\/\/www.libri.de\/fr\/#\/schema\/logo\/image\/","url":"https:\/\/188.64.195.32\/wp-content\/uploads\/2022\/04\/libri_logo-1.jpg","contentUrl":"https:\/\/188.64.195.32\/wp-content\/uploads\/2022\/04\/libri_logo-1.jpg","width":2000,"height":1000,"caption":"Libri"},"image":{"@id":"https:\/\/www.libri.de\/fr\/#\/schema\/logo\/image\/"},"sameAs":["https:\/\/www.facebook.com\/libribarsortiment","https:\/\/www.instagram.com\/libri.barsortiment","https:\/\/www.linkedin.com\/company\/libri-gmbh"]}]}},"_links":{"self":[{"href":"https:\/\/www.libri.de\/de\/wp-json\/wp\/v2\/pages\/28631","targetHints":{"allow":["GET"]}}],"collection":[{"href":"https:\/\/www.libri.de\/de\/wp-json\/wp\/v2\/pages"}],"about":[{"href":"https:\/\/www.libri.de\/de\/wp-json\/wp\/v2\/types\/page"}],"author":[{"embeddable":true,"href":"https:\/\/www.libri.de\/de\/wp-json\/wp\/v2\/users\/29"}],"replies":[{"embeddable":true,"href":"https:\/\/www.libri.de\/de\/wp-json\/wp\/v2\/comments?post=28631"}],"version-history":[{"count":0,"href":"https:\/\/www.libri.de\/de\/wp-json\/wp\/v2\/pages\/28631\/revisions"}],"up":[{"embeddable":true,"href":"https:\/\/www.libri.de\/de\/wp-json\/wp\/v2\/pages\/32791"}],"wp:featuredmedia":[{"embeddable":true,"href":"https:\/\/www.libri.de\/de\/wp-json\/wp\/v2\/media\/34901"}],"wp:attachment":[{"href":"https:\/\/www.libri.de\/de\/wp-json\/wp\/v2\/media?parent=28631"}],"curies":[{"name":"wp","href":"https:\/\/api.w.org\/{rel}","templated":true}]}}