{"id":28259,"date":"2021-09-30T12:49:58","date_gmt":"2021-09-30T10:49:58","guid":{"rendered":"https:\/\/www.libri.de\/?page_id=28259"},"modified":"2026-03-24T11:16:21","modified_gmt":"2026-03-24T09:16:21","slug":"kontakt","status":"publish","type":"page","link":"https:\/\/www.libri.de\/de\/kontakt\/","title":{"rendered":"Kontakt"},"content":{"rendered":"\r\n<div id=\"header-block_7e575d4705fd1d51d83f827bbe47d62e\" class=\"block-header module type-top-bottom bc-trans\">\r\n  <div class=\"container\">\r\n\r\n    <p id=\"breadcrumbs\"><span><span><a href=\"https:\/\/www.libri.de\/de\/\">Start<\/a><\/span><\/span><\/p>    \r\n    \r\n      \r\n      <div class=\"row\">\r\n        <div class=\"col-12 col-md-10 title\">\r\n          <h1 class=\"\">Kontakt<\/h1>\r\n        <\/div>\r\n\r\n        <div class=\"col-12 col-md-10 text\">\r\n          <p>Wir helfen Ihnen weiter!\r\n<p><b>Standort Hamburg<\/b>: Friedensallee 273, 22763 Hamburg\r\n<br><b>Standort Bad Hersfeld<\/b>: Europaallee 1, 36244 Bad Hersfeld<\/br><\/p><\/p>\r\n        <\/div>\r\n      <\/div>\r\n\r\n      \r\n  <\/div>\r\n<\/div>\r\n\r\n\n\n\r\n<div id=\"teaser-small-block_100ac0b6d139d83f1cae1af49dade2de\" class=\"block-teaser-small bc-green-2\">\r\n\r\n  <div class=\"container\">\r\n\r\n    <a href=\"https:\/\/www.libri.de\/de\/kontakt\/kundenservice\/\" target=\"\" class=\"d-flex align-items-center justify-content-center flex-column flex-md-row\">\r\n\r\n              <div class=\"icon\">\r\n          <img decoding=\"async\" width=\"24\" height=\"24\" src=\"https:\/\/www.libri.de\/wp-content\/uploads\/2021\/10\/support_agent_white_24dp.svg\" class=\"attachment-thumbnail size-thumbnail\" alt=\"\" \/>        <\/div>\r\n      \r\n      <div class=\"text\">\r\n        <h3 class=\"title\">Kundenservice<\/h3>\r\n        <p>Sie sind Kund*in von Libri und haben Fragen zur t\u00e4glichen Zusammenarbeit, unseren Dienstleistungen und Reklamationen? Wir helfen Ihnen weiter.<\/p>      <\/div>\r\n\r\n      <div class=\"teaser-arrow\"><\/div>\r\n\r\n    <\/a>\r\n\r\n  <\/div>\r\n<\/div>\r\n\r\n\n\n\r\n<div id=\"teaser-small-block_404d8e9094b99298e88e238e82609825\" class=\"block-teaser-small bc-green-2\">\r\n\r\n  <div class=\"container\">\r\n\r\n    <a href=\"https:\/\/www.libri.de\/de\/kontakt\/vertrieb_stationaer\/\" target=\"\" class=\"d-flex align-items-center justify-content-center flex-column flex-md-row\">\r\n\r\n              <div class=\"icon\">\r\n          <img decoding=\"async\" width=\"24\" height=\"24\" src=\"https:\/\/www.libri.de\/wp-content\/uploads\/2021\/11\/storefront_white_24dp.svg\" class=\"attachment-thumbnail size-thumbnail\" alt=\"Buchhandlungen\" \/>        <\/div>\r\n      \r\n      <div class=\"text\">\r\n        <h3 class=\"title\">F\u00fcr den unabh\u00e4ngigen Buchhandel<\/h3>\r\n        <p>Als Buchh\u00e4ndler*in im station\u00e4ren Handel in Deutschland stehen Ihnen unsere Kundenberater*innen f\u00fcr die jeweilige Region und zu unseren Produkten, z. B. Libri.Shopline, gern zur Verf\u00fcgung.<\/p>      <\/div>\r\n\r\n      <div class=\"teaser-arrow\"><\/div>\r\n\r\n    <\/a>\r\n\r\n  <\/div>\r\n<\/div>\r\n\r\n\n\n\r\n<div id=\"teaser-small-block_7834c02c4d44f25de88a6eca540ad658\" class=\"block-teaser-small bc-green-2\">\r\n\r\n  <div class=\"container\">\r\n\r\n    <a href=\"https:\/\/www.libri.de\/de\/kontakt\/internationale-ecommerce-haendlerinnen\/\" target=\"\" class=\"d-flex align-items-center justify-content-center flex-column flex-md-row\">\r\n\r\n              <div class=\"icon\">\r\n          <img decoding=\"async\" width=\"24\" height=\"24\" src=\"https:\/\/www.libri.de\/wp-content\/uploads\/2021\/10\/3p_white_24dp.svg\" class=\"attachment-thumbnail size-thumbnail\" alt=\"\" \/>        <\/div>\r\n      \r\n      <div class=\"text\">\r\n        <h3 class=\"title\">Internationale und eCommerce-H\u00e4ndler*innen<\/h3>\r\n        <p>Sie m\u00f6chten in Ihrem Onlineshop auch B\u00fccher verkaufen, sind Marktplatzh\u00e4ndler*in oder haben ein Unternehmen au\u00dferhalb von Deutschland? Wir helfen Ihnen gern weiter.<\/p>      <\/div>\r\n\r\n      <div class=\"teaser-arrow\"><\/div>\r\n\r\n    <\/a>\r\n\r\n  <\/div>\r\n<\/div>\r\n\r\n\n\n\r\n<div id=\"teaser-small-block_778158ac58b1a7718911f2e8a5e4e39b\" class=\"block-teaser-small bc-green-2\">\r\n\r\n  <div class=\"container\">\r\n\r\n    <a href=\"https:\/\/www.libri.de\/de\/kontakt\/kontakt-fuer-verlage-und-lieferantinnen\/\" target=\"\" class=\"d-flex align-items-center justify-content-center flex-column flex-md-row\">\r\n\r\n              <div class=\"icon\">\r\n          <img decoding=\"async\" width=\"24\" height=\"24\" src=\"https:\/\/www.libri.de\/wp-content\/uploads\/2021\/10\/auto_stories_white_24dp.svg\" class=\"attachment-thumbnail size-thumbnail\" alt=\"\" \/>        <\/div>\r\n      \r\n      <div class=\"text\">\r\n        <h3 class=\"title\">F\u00fcr Verlage und Lieferant*innen<\/h3>\r\n        <p>Sie m\u00f6chten, dass Libri Ihre B\u00fccher und Produkte ins Sortiment aufnimmt? Dann nutzen Sie unser Kontaktformular.<\/p>      <\/div>\r\n\r\n      <div class=\"teaser-arrow\"><\/div>\r\n\r\n    <\/a>\r\n\r\n  <\/div>\r\n<\/div>\r\n\r\n\n\n\r\n<div id=\"teaser-small-block_10356071127fed81f42c102857111569\" class=\"block-teaser-small bc-green-2\">\r\n\r\n  <div class=\"container\">\r\n\r\n    <a href=\"https:\/\/www.libri.de\/de\/kontakt\/kontakt-nachhaltigkeit-und-compliance\/\" target=\"_blank\" class=\"d-flex align-items-center justify-content-center flex-column flex-md-row\">\r\n\r\n              <div class=\"icon\">\r\n          <img decoding=\"async\" width=\"76\" height=\"76\" src=\"https:\/\/www.libri.de\/wp-content\/uploads\/2021\/10\/tolino_icon_schwarz_Globe.svg\" class=\"attachment-thumbnail size-thumbnail\" alt=\"\" \/>        <\/div>\r\n      \r\n      <div class=\"text\">\r\n        <h3 class=\"title\">Nachhaltigkeit und Compliance<\/h3>\r\n        <p>Sie haben Fragen zu den Themen Klimaschutz, Sozialstandards und Compliance (inkl. EUDR und GPSR)? Wir helfen Ihnen gerne weiter.<\/p>      <\/div>\r\n\r\n      <div class=\"teaser-arrow\"><\/div>\r\n\r\n    <\/a>\r\n\r\n  <\/div>\r\n<\/div>\r\n\r\n\n\n\r\n<div id=\"teaser-small-block_4f40c58c2ffb257d28332ad9693a753b\" class=\"block-teaser-small bc-green-2\">\r\n\r\n  <div class=\"container\">\r\n\r\n    <a href=\"https:\/\/www.libri.de\/de\/pressemitteilungen\/\" target=\"\" class=\"d-flex align-items-center justify-content-center flex-column flex-md-row\">\r\n\r\n              <div class=\"icon\">\r\n          <img decoding=\"async\" width=\"24\" height=\"24\" src=\"https:\/\/www.libri.de\/wp-content\/uploads\/2021\/10\/info_white_24dp.svg\" class=\"attachment-thumbnail size-thumbnail\" alt=\"\" \/>        <\/div>\r\n      \r\n      <div class=\"text\">\r\n        <h3 class=\"title\">Presse<\/h3>\r\n        <p>Sie haben Fragen zu Libri, unseren Services oder m\u00f6chten ein Interview mit der Gesch\u00e4ftsf\u00fchrung f\u00fchren? Unser Pressesprecher ist f\u00fcr Sie da.<\/p>      <\/div>\r\n\r\n      <div class=\"teaser-arrow\"><\/div>\r\n\r\n    <\/a>\r\n\r\n  <\/div>\r\n<\/div>\r\n\r\n\n\n\r\n<div id=\"text-block_89baf222e0b1dcc9df607fcfda89f952\" class=\"block-text module type-text bc-trans\">\r\n  <div class=\"container\">\r\n\r\n    \r\n      <div class=\"row \">\r\n\r\n        \r\n        <div class=\"col-12 col-md-10\">\r\n\r\n          \r\n          <div class=\"text for-box-js\">\r\n            <p><script>\n  function initFreshChat() {\n    window.fcWidget.init({\n      \t token: \"43ef51c7-b89b-4dd9-a11a-aa73a0f4633d\",\n\t host: \"https:\/\/libri.freshchat.com\",\n\t widgetUuid: \"b68a7d7e-761c-4aac-8fb5-bc2937ee88ef\"\n    });\n  }\n  function initialize(i,t){var e;i.getElementById(t)?\n  initFreshChat():((e=i.createElement(\"script\")).id=t,e.async=!0,\n  e.src=\"https:\/\/libri.freshchat.com\/js\/widget.js\",e.onload=initFreshChat,i.head.appendChild(e))}\n  function initiateCall(){initialize(document,\"Freshchat-js-sdk\")}\n  window.addEventListener?window.addEventListener(\"load\",initiateCall,!1):\n  window.attachEvent(\"load\",initiateCall,!1);\n<\/script><\/p>\n          <\/div>\r\n\r\n          \r\n          \r\n        <\/div>\r\n        \r\n      <\/div>\r\n\r\n    \r\n  <\/div>\r\n<\/div>\r\n\r\n","protected":false},"excerpt":{"rendered":"<p>Wir helfen Ihnen weiter!<\/p>\n","protected":false},"author":10,"featured_media":0,"parent":0,"menu_order":0,"comment_status":"closed","ping_status":"closed","template":"","meta":{"_acf_changed":false,"footnotes":""},"class_list":["post-28259","page","type-page","status-publish","hentry"],"acf":[],"yoast_head":"<!-- This site is optimized with the Yoast SEO plugin v27.0 - https:\/\/yoast.com\/product\/yoast-seo-wordpress\/ -->\n<title>Kontakt | Libri GmbH<\/title>\n<meta name=\"description\" content=\"F\u00fcr Buchhandlungen, eCommerce-H\u00e4ndler oder Verlage \u2013 als Libri bieten wir Ihnen ma\u00dfgeschneiderten Kontakt und Hilfe.\" \/>\n<meta name=\"robots\" content=\"index, follow, max-snippet:-1, max-image-preview:large, max-video-preview:-1\" \/>\n<link rel=\"canonical\" href=\"https:\/\/www.libri.de\/de\/kontakt\/\" \/>\n<meta property=\"og:locale\" content=\"de_DE\" \/>\n<meta property=\"og:type\" content=\"article\" \/>\n<meta property=\"og:title\" content=\"Kontakt | Libri GmbH\" \/>\n<meta property=\"og:description\" content=\"F\u00fcr Buchhandlungen, eCommerce-H\u00e4ndler oder Verlage \u2013 als Libri bieten wir Ihnen ma\u00dfgeschneiderten Kontakt und Hilfe.\" \/>\n<meta property=\"og:url\" content=\"https:\/\/www.libri.de\/de\/kontakt\/\" \/>\n<meta property=\"og:site_name\" content=\"Libri GmbH\" \/>\n<meta property=\"article:publisher\" content=\"https:\/\/www.facebook.com\/libribarsortiment\" \/>\n<meta property=\"article:modified_time\" content=\"2026-03-24T09:16:21+00:00\" \/>\n<meta name=\"twitter:card\" content=\"summary_large_image\" \/>\n<script type=\"application\/ld+json\" class=\"yoast-schema-graph\">{\"@context\":\"https:\/\/schema.org\",\"@graph\":[{\"@type\":\"WebPage\",\"@id\":\"https:\/\/www.libri.de\/de\/kontakt\/\",\"url\":\"https:\/\/www.libri.de\/de\/kontakt\/\",\"name\":\"Kontakt | Libri GmbH\",\"isPartOf\":{\"@id\":\"https:\/\/www.libri.de\/fr\/#website\"},\"datePublished\":\"2021-09-30T10:49:58+00:00\",\"dateModified\":\"2026-03-24T09:16:21+00:00\",\"description\":\"F\u00fcr Buchhandlungen, eCommerce-H\u00e4ndler oder Verlage \u2013 als Libri bieten wir Ihnen ma\u00dfgeschneiderten Kontakt und Hilfe.\",\"breadcrumb\":{\"@id\":\"https:\/\/www.libri.de\/de\/kontakt\/#breadcrumb\"},\"inLanguage\":\"de\",\"potentialAction\":[{\"@type\":\"ReadAction\",\"target\":[\"https:\/\/www.libri.de\/de\/kontakt\/\"]}]},{\"@type\":\"BreadcrumbList\",\"@id\":\"https:\/\/www.libri.de\/de\/kontakt\/#breadcrumb\",\"itemListElement\":[{\"@type\":\"ListItem\",\"position\":1,\"name\":\"Start\",\"item\":\"https:\/\/www.libri.de\/de\/\"},{\"@type\":\"ListItem\",\"position\":2,\"name\":\"Kontakt\"}]},{\"@type\":\"WebSite\",\"@id\":\"https:\/\/www.libri.de\/fr\/#website\",\"url\":\"https:\/\/www.libri.de\/fr\/\",\"name\":\"Libri GmbH\",\"description\":\"Barsortiment und Gro\u00dfhandel f\u00fcr B\u00fccher und andere Medien\",\"publisher\":{\"@id\":\"https:\/\/www.libri.de\/fr\/#organization\"},\"potentialAction\":[{\"@type\":\"SearchAction\",\"target\":{\"@type\":\"EntryPoint\",\"urlTemplate\":\"https:\/\/www.libri.de\/fr\/?s={search_term_string}\"},\"query-input\":{\"@type\":\"PropertyValueSpecification\",\"valueRequired\":true,\"valueName\":\"search_term_string\"}}],\"inLanguage\":\"de\"},{\"@type\":\"Organization\",\"@id\":\"https:\/\/www.libri.de\/fr\/#organization\",\"name\":\"Libri\",\"url\":\"https:\/\/www.libri.de\/fr\/\",\"logo\":{\"@type\":\"ImageObject\",\"inLanguage\":\"de\",\"@id\":\"https:\/\/www.libri.de\/fr\/#\/schema\/logo\/image\/\",\"url\":\"https:\/\/188.64.195.32\/wp-content\/uploads\/2022\/04\/libri_logo-1.jpg\",\"contentUrl\":\"https:\/\/188.64.195.32\/wp-content\/uploads\/2022\/04\/libri_logo-1.jpg\",\"width\":2000,\"height\":1000,\"caption\":\"Libri\"},\"image\":{\"@id\":\"https:\/\/www.libri.de\/fr\/#\/schema\/logo\/image\/\"},\"sameAs\":[\"https:\/\/www.facebook.com\/libribarsortiment\",\"https:\/\/www.instagram.com\/libri.barsortiment\",\"https:\/\/www.linkedin.com\/company\/libri-gmbh\"]}]}<\/script>\n<!-- \/ Yoast SEO plugin. -->","yoast_head_json":{"title":"Kontakt | Libri GmbH","description":"F\u00fcr Buchhandlungen, eCommerce-H\u00e4ndler oder Verlage \u2013 als Libri bieten wir Ihnen ma\u00dfgeschneiderten Kontakt und Hilfe.","robots":{"index":"index","follow":"follow","max-snippet":"max-snippet:-1","max-image-preview":"max-image-preview:large","max-video-preview":"max-video-preview:-1"},"canonical":"https:\/\/www.libri.de\/de\/kontakt\/","og_locale":"de_DE","og_type":"article","og_title":"Kontakt | Libri GmbH","og_description":"F\u00fcr Buchhandlungen, eCommerce-H\u00e4ndler oder Verlage \u2013 als Libri bieten wir Ihnen ma\u00dfgeschneiderten Kontakt und Hilfe.","og_url":"https:\/\/www.libri.de\/de\/kontakt\/","og_site_name":"Libri GmbH","article_publisher":"https:\/\/www.facebook.com\/libribarsortiment","article_modified_time":"2026-03-24T09:16:21+00:00","twitter_card":"summary_large_image","schema":{"@context":"https:\/\/schema.org","@graph":[{"@type":"WebPage","@id":"https:\/\/www.libri.de\/de\/kontakt\/","url":"https:\/\/www.libri.de\/de\/kontakt\/","name":"Kontakt | Libri GmbH","isPartOf":{"@id":"https:\/\/www.libri.de\/fr\/#website"},"datePublished":"2021-09-30T10:49:58+00:00","dateModified":"2026-03-24T09:16:21+00:00","description":"F\u00fcr Buchhandlungen, eCommerce-H\u00e4ndler oder Verlage \u2013 als Libri bieten wir Ihnen ma\u00dfgeschneiderten Kontakt und Hilfe.","breadcrumb":{"@id":"https:\/\/www.libri.de\/de\/kontakt\/#breadcrumb"},"inLanguage":"de","potentialAction":[{"@type":"ReadAction","target":["https:\/\/www.libri.de\/de\/kontakt\/"]}]},{"@type":"BreadcrumbList","@id":"https:\/\/www.libri.de\/de\/kontakt\/#breadcrumb","itemListElement":[{"@type":"ListItem","position":1,"name":"Start","item":"https:\/\/www.libri.de\/de\/"},{"@type":"ListItem","position":2,"name":"Kontakt"}]},{"@type":"WebSite","@id":"https:\/\/www.libri.de\/fr\/#website","url":"https:\/\/www.libri.de\/fr\/","name":"Libri GmbH","description":"Barsortiment und Gro\u00dfhandel f\u00fcr B\u00fccher und andere Medien","publisher":{"@id":"https:\/\/www.libri.de\/fr\/#organization"},"potentialAction":[{"@type":"SearchAction","target":{"@type":"EntryPoint","urlTemplate":"https:\/\/www.libri.de\/fr\/?s={search_term_string}"},"query-input":{"@type":"PropertyValueSpecification","valueRequired":true,"valueName":"search_term_string"}}],"inLanguage":"de"},{"@type":"Organization","@id":"https:\/\/www.libri.de\/fr\/#organization","name":"Libri","url":"https:\/\/www.libri.de\/fr\/","logo":{"@type":"ImageObject","inLanguage":"de","@id":"https:\/\/www.libri.de\/fr\/#\/schema\/logo\/image\/","url":"https:\/\/188.64.195.32\/wp-content\/uploads\/2022\/04\/libri_logo-1.jpg","contentUrl":"https:\/\/188.64.195.32\/wp-content\/uploads\/2022\/04\/libri_logo-1.jpg","width":2000,"height":1000,"caption":"Libri"},"image":{"@id":"https:\/\/www.libri.de\/fr\/#\/schema\/logo\/image\/"},"sameAs":["https:\/\/www.facebook.com\/libribarsortiment","https:\/\/www.instagram.com\/libri.barsortiment","https:\/\/www.linkedin.com\/company\/libri-gmbh"]}]}},"_links":{"self":[{"href":"https:\/\/www.libri.de\/de\/wp-json\/wp\/v2\/pages\/28259","targetHints":{"allow":["GET"]}}],"collection":[{"href":"https:\/\/www.libri.de\/de\/wp-json\/wp\/v2\/pages"}],"about":[{"href":"https:\/\/www.libri.de\/de\/wp-json\/wp\/v2\/types\/page"}],"author":[{"embeddable":true,"href":"https:\/\/www.libri.de\/de\/wp-json\/wp\/v2\/users\/10"}],"replies":[{"embeddable":true,"href":"https:\/\/www.libri.de\/de\/wp-json\/wp\/v2\/comments?post=28259"}],"version-history":[{"count":3,"href":"https:\/\/www.libri.de\/de\/wp-json\/wp\/v2\/pages\/28259\/revisions"}],"predecessor-version":[{"id":89130,"href":"https:\/\/www.libri.de\/de\/wp-json\/wp\/v2\/pages\/28259\/revisions\/89130"}],"wp:attachment":[{"href":"https:\/\/www.libri.de\/de\/wp-json\/wp\/v2\/media?parent=28259"}],"curies":[{"name":"wp","href":"https:\/\/api.w.org\/{rel}","templated":true}]}}